{"id":1285,"date":"2024-10-07T07:14:54","date_gmt":"2024-10-07T06:14:54","guid":{"rendered":"https:\/\/abclounge.fr\/site\/?page_id=1285"},"modified":"2024-10-07T07:29:24","modified_gmt":"2024-10-07T06:29:24","slug":"politique-de-confidentialite","status":"publish","type":"page","link":"https:\/\/abclounge.fr\/site\/politique-de-confidentialite\/","title":{"rendered":"Politique de confidentialit\u00e9"},"content":{"rendered":"<p>[et_pb_section fb_built=\u00a0\u00bb1&Prime; disabled_on=\u00a0\u00bbon|off|off\u00a0\u00bb admin_label=\u00a0\u00bbmenu\u00a0\u00bb _builder_version=\u00a0\u00bb4.16&Prime; background_enable_color=\u00a0\u00bboff\u00a0\u00bb z_index=\u00a0\u00bb99999&Prime; width=\u00a0\u00bb100%\u00a0\u00bb width_tablet=\u00a0\u00bb100%\u00a0\u00bb width_last_edited=\u00a0\u00bboff|desktop\u00a0\u00bb max_width=\u00a0\u00bb1280px\u00a0\u00bb max_width_tablet=\u00a0\u00bb100%\u00a0\u00bb max_width_phone=\u00a0\u00bb\u00a0\u00bb max_width_last_edited=\u00a0\u00bbon|desktop\u00a0\u00bb module_alignment=\u00a0\u00bbcenter\u00a0\u00bb overflow-x=\u00a0\u00bbvisible\u00a0\u00bb overflow-y=\u00a0\u00bbvisible\u00a0\u00bb custom_margin=\u00a0\u00bb||||false|false\u00a0\u00bb custom_padding=\u00a0\u00bb0px||0px||true|false\u00a0\u00bb animation_direction=\u00a0\u00bbtop\u00a0\u00bb border_radii=\u00a0\u00bboff|||50px|50px\u00a0\u00bb box_shadow_style=\u00a0\u00bbpreset1&Prime; box_shadow_blur=\u00a0\u00bb60px\u00a0\u00bb box_shadow_color=\u00a0\u00bbrgba(0,0,0,0.13)\u00a0\u00bb collapsed=\u00a0\u00bbon\u00a0\u00bb global_colors_info=\u00a0\u00bb{}\u00a0\u00bb][et_pb_row column_structure=\u00a0\u00bb1_3,1_3,1_3&Prime; use_custom_gutter=\u00a0\u00bbon\u00a0\u00bb gutter_width=\u00a0\u00bb1&Prime; disabled_on=\u00a0\u00bbon|off|off\u00a0\u00bb _builder_version=\u00a0\u00bb4.18.0&Prime; background_enable_color=\u00a0\u00bboff\u00a0\u00bb background_image=\u00a0\u00bbhttps:\/\/abclounge.fr\/site\/wp-content\/uploads\/2023\/02\/fondmer-blue07.jpg\u00a0\u00bb width=\u00a0\u00bb100%\u00a0\u00bb max_width=\u00a0\u00bb100%\u00a0\u00bb custom_padding=\u00a0\u00bb0px||0px||true|false\u00a0\u00bb custom_css_main_element=\u00a0\u00bbdisplay: flex;\u00a0\u00bb global_colors_info=\u00a0\u00bb{}\u00a0\u00bb][et_pb_column type=\u00a0\u00bb1_3&Prime; _builder_version=\u00a0\u00bb4.16&Prime; global_colors_info=\u00a0\u00bb{}\u00a0\u00bb][et_pb_image src=\u00a0\u00bbhttps:\/\/abclounge.fr\/site\/wp-content\/uploads\/2015\/08\/logo-ABC-Lounge100.png\u00a0\u00bb url=\u00a0\u00bbhttps:\/\/www.abc-lounge.com\/radio\/\u00a0\u00bb src_last_edited=\u00a0\u00bboff|phone\u00a0\u00bb disabled_on=\u00a0\u00bboff|off|off\u00a0\u00bb _builder_version=\u00a0\u00bb4.16&Prime; width=\u00a0\u00bb100px\u00a0\u00bb custom_margin=\u00a0\u00bb30px||20px|50px|false|false\u00a0\u00bb custom_margin_tablet=\u00a0\u00bb|||20px|false|false\u00a0\u00bb custom_margin_phone=\u00a0\u00bb\u00a0\u00bb custom_margin_last_edited=\u00a0\u00bbon|phone\u00a0\u00bb global_colors_info=\u00a0\u00bb{}\u00a0\u00bb][\/et_pb_image][\/et_pb_column][et_pb_column type=\u00a0\u00bb1_3&Prime; _builder_version=\u00a0\u00bb4.16&Prime; custom_padding=\u00a0\u00bb0px||0px||false|false\u00a0\u00bb global_colors_info=\u00a0\u00bb{}\u00a0\u00bb][et_pb_image align=\u00a0\u00bbright\u00a0\u00bb disabled_on=\u00a0\u00bboff|off|off\u00a0\u00bb _builder_version=\u00a0\u00bb4.18.0&Prime; z_index=\u00a0\u00bb0&Prime; max_height=\u00a0\u00bb149px\u00a0\u00bb custom_margin=\u00a0\u00bb0px||0px||false|false\u00a0\u00bb custom_padding=\u00a0\u00bb0px||0px||false|false\u00a0\u00bb animation_direction=\u00a0\u00bbright\u00a0\u00bb global_colors_info=\u00a0\u00bb{}\u00a0\u00bb][\/et_pb_image][\/et_pb_column][et_pb_column type=\u00a0\u00bb1_3&Prime; _builder_version=\u00a0\u00bb4.16&Prime; custom_padding=\u00a0\u00bb0px||0px||false|false\u00a0\u00bb global_colors_info=\u00a0\u00bb{}\u00a0\u00bb][et_pb_image src=\u00a0\u00bbhttps:\/\/abclounge.fr\/site\/wp-content\/uploads\/2015\/08\/visage022023-01.png\u00a0\u00bb align=\u00a0\u00bbcenter\u00a0\u00bb disabled_on=\u00a0\u00bboff|off|off\u00a0\u00bb _builder_version=\u00a0\u00bb4.18.0&Prime; z_index=\u00a0\u00bb0&Prime; min_height=\u00a0\u00bb150px\u00a0\u00bb custom_margin=\u00a0\u00bb0px||0px||false|false\u00a0\u00bb custom_padding=\u00a0\u00bb0px||0px||false|false\u00a0\u00bb animation_direction=\u00a0\u00bbleft\u00a0\u00bb global_colors_info=\u00a0\u00bb{}\u00a0\u00bb][\/et_pb_image][\/et_pb_column][\/et_pb_row][et_pb_row use_custom_gutter=\u00a0\u00bbon\u00a0\u00bb gutter_width=\u00a0\u00bb1&Prime; _builder_version=\u00a0\u00bb4.16&Prime; width=\u00a0\u00bb100%\u00a0\u00bb max_width=\u00a0\u00bb100%\u00a0\u00bb height=\u00a0\u00bb45px\u00a0\u00bb max_height=\u00a0\u00bb45px\u00a0\u00bb custom_margin=\u00a0\u00bb0px||||false|false\u00a0\u00bb custom_padding=\u00a0\u00bb0px||||false|false\u00a0\u00bb global_colors_info=\u00a0\u00bb{}\u00a0\u00bb][et_pb_column type=\u00a0\u00bb4_4&Prime; _builder_version=\u00a0\u00bb4.16&Prime; global_colors_info=\u00a0\u00bb{}\u00a0\u00bb][et_pb_menu menu_style=\u00a0\u00bbcentered\u00a0\u00bb active_link_color=\u00a0\u00bb#346fb9&Prime; dropdown_menu_line_color=\u00a0\u00bb#ffffff\u00a0\u00bb menu_icon_color=\u00a0\u00bb#3470b8&Prime; _builder_version=\u00a0\u00bb4.16&Prime; menu_font=\u00a0\u00bbOpen Sans Condensed|700|||||||\u00a0\u00bb menu_text_color=\u00a0\u00bb#333333&Prime; menu_font_size=\u00a0\u00bb18px\u00a0\u00bb background_enable_color=\u00a0\u00bboff\u00a0\u00bb custom_margin=\u00a0\u00bb0px||||false|false\u00a0\u00bb custom_padding=\u00a0\u00bb6px||||false|false\u00a0\u00bb animation_direction=\u00a0\u00bbbottom\u00a0\u00bb global_colors_info=\u00a0\u00bb{}\u00a0\u00bb][\/et_pb_menu][\/et_pb_column][\/et_pb_row][\/et_pb_section][et_pb_section fb_built=\u00a0\u00bb1&Prime; disabled_on=\u00a0\u00bboff|on|on\u00a0\u00bb admin_label=\u00a0\u00bb&#8212;&#8212;&#8212;&#8212;&#8212; Mobile\u00a0\u00bb _builder_version=\u00a0\u00bb4.16&Prime; custom_margin=\u00a0\u00bb0px||0px|\u00a0\u00bb custom_padding=\u00a0\u00bb0px||0px|\u00a0\u00bb collapsed=\u00a0\u00bbon\u00a0\u00bb global_colors_info=\u00a0\u00bb{}\u00a0\u00bb][et_pb_row _builder_version=\u00a0\u00bb4.16&Prime; background_size=\u00a0\u00bbinitial\u00a0\u00bb background_position=\u00a0\u00bbtop_left\u00a0\u00bb background_repeat=\u00a0\u00bbrepeat\u00a0\u00bb custom_margin=\u00a0\u00bb0px||||false|true\u00a0\u00bb custom_padding=\u00a0\u00bb0px||||false|true\u00a0\u00bb global_colors_info=\u00a0\u00bb{}\u00a0\u00bb][et_pb_column type=\u00a0\u00bb4_4&Prime; _builder_version=\u00a0\u00bb4.16&Prime; custom_padding=\u00a0\u00bb0px|0px||0px|false|true\u00a0\u00bb global_colors_info=\u00a0\u00bb{}\u00a0\u00bb custom_padding__hover=\u00a0\u00bb|||\u00a0\u00bb][et_pb_divider show_divider=\u00a0\u00bboff\u00a0\u00bb _builder_version=\u00a0\u00bb4.16&Prime; height=\u00a0\u00bb50px\u00a0\u00bb custom_margin=\u00a0\u00bb50px||||false|false\u00a0\u00bb global_colors_info=\u00a0\u00bb{}\u00a0\u00bb][\/et_pb_divider][et_pb_code _builder_version=\u00a0\u00bb4.16&Prime; global_colors_info=\u00a0\u00bb{}\u00a0\u00bb]<script async src=\"https:\/\/pagead2.googlesyndication.com\/pagead\/js\/adsbygoogle.js\"><\/script><!-- [et_pb_line_break_holder] --><!-- encart responsive Nov2019 --><!-- [et_pb_line_break_holder] --><ins class=\"adsbygoogle\"<!-- [et_pb_line_break_holder] -->     style=\u00a0\u00bbdisplay:block\u00a0\u00bb<!-- [et_pb_line_break_holder] -->     data-ad-client=\u00a0\u00bbca-pub-9900018610566119&Prime;<!-- [et_pb_line_break_holder] -->     data-ad-slot=\u00a0\u00bb8162688569&Prime;<!-- [et_pb_line_break_holder] -->     data-ad-format=\u00a0\u00bbauto\u00a0\u00bb<!-- [et_pb_line_break_holder] -->     data-full-width-responsive=\u00a0\u00bbtrue\u00a0\u00bb><\/ins><!-- [et_pb_line_break_holder] --><script><!-- [et_pb_line_break_holder] -->     (adsbygoogle = window.adsbygoogle || []).push({});<!-- [et_pb_line_break_holder] --><\/script>[\/et_pb_code][et_pb_text _builder_version=\u00a0\u00bb4.16&Prime; global_colors_info=\u00a0\u00bb{}\u00a0\u00bb]<\/p>\n<p style=\"text-align: center;\"><a href=\"https:\/\/www.abc-lounge.com\/radio\/lounge-jazz-folk\/\"><strong>EN \/ FR<\/strong><\/a><\/p>\n<p>[\/et_pb_text][et_pb_image src=\u00a0\u00bbhttps:\/\/abclounge.fr\/site\/wp-content\/uploads\/2015\/08\/bann2023-mobile.jpg\u00a0\u00bb title_text=\u00a0\u00bbheader-mobile02&Prime; _builder_version=\u00a0\u00bb4.18.0&Prime; global_colors_info=\u00a0\u00bb{}\u00a0\u00bb][\/et_pb_image][\/et_pb_column][\/et_pb_row][\/et_pb_section][et_pb_section fb_built=\u00a0\u00bb1&Prime; specialty=\u00a0\u00bbon\u00a0\u00bb _builder_version=\u00a0\u00bb4.16&Prime; custom_padding=\u00a0\u00bb0px||||false|false\u00a0\u00bb collapsed=\u00a0\u00bboff\u00a0\u00bb global_colors_info=\u00a0\u00bb{}\u00a0\u00bb][et_pb_column type=\u00a0\u00bb2_3&Prime; specialty_columns=\u00a0\u00bb2&Prime; _builder_version=\u00a0\u00bb4.16&Prime; custom_padding=\u00a0\u00bb|||\u00a0\u00bb global_colors_info=\u00a0\u00bb{}\u00a0\u00bb custom_padding__hover=\u00a0\u00bb|||\u00a0\u00bb][et_pb_row_inner admin_label=\u00a0\u00bbfooter\u00a0\u00bb module_id=\u00a0\u00bbrgpd\u00a0\u00bb _builder_version=\u00a0\u00bb4.18.0&Prime; background_enable_color=\u00a0\u00bboff\u00a0\u00bb background_size=\u00a0\u00bbinitial\u00a0\u00bb background_position=\u00a0\u00bbtop_left\u00a0\u00bb background_repeat=\u00a0\u00bbrepeat\u00a0\u00bb max_width=\u00a0\u00bb1280px\u00a0\u00bb custom_margin=\u00a0\u00bb20px||20px||false|false\u00a0\u00bb collapsed=\u00a0\u00bboff\u00a0\u00bb global_colors_info=\u00a0\u00bb{}\u00a0\u00bb][et_pb_column_inner saved_specialty_column_type=\u00a0\u00bb2_3&Prime; _builder_version=\u00a0\u00bb4.16&Prime; custom_padding=\u00a0\u00bb|||\u00a0\u00bb global_colors_info=\u00a0\u00bb{}\u00a0\u00bb custom_padding__hover=\u00a0\u00bb|||\u00a0\u00bb][et_pb_text admin_label=\u00a0\u00bbdonn\u00e9es personnelles\u00a0\u00bb _builder_version=\u00a0\u00bb4.18.0&Prime; text_font_size=\u00a0\u00bb12px\u00a0\u00bb text_line_height=\u00a0\u00bb1.4em\u00a0\u00bb global_colors_info=\u00a0\u00bb{}\u00a0\u00bb]<\/p>\n<h3 style=\"text-align: center;\">Gestion des donn\u00e9es personnelles<\/h3>\n<p style=\"text-align: justify;\">En France, les donn\u00e9es personnelles sont notamment prot\u00e9g\u00e9es par la loi n\u00b0 78-87 du 6 janvier 1978, la loi n\u00b0 2004-801 du 6 ao\u00fbt 2004, l\u2019article L. 226-13 du Code p\u00e9nal et la Directive Europ\u00e9enne du 24 octobre 1995. A l\u2019occasion de l\u2019utilisation du site www.abclounge.fr, peuvent \u00eatres recueillies : l\u2019URL des liens par l\u2019interm\u00e9diaire desquels l\u2019utilisateur a acc\u00e9d\u00e9 au site www.abclounge.fr, le fournisseur d\u2019acc\u00e8s de l\u2019utilisateur, l\u2019adresse de protocole Internet (IP) de l\u2019utilisateur. Aucune information personnelle de l\u2019utilisateur du site www.abclounge.fr n\u2019est publi\u00e9e \u00e0 l\u2019insu de l\u2019utilisateur, \u00e9chang\u00e9e, transf\u00e9r\u00e9e, c\u00e9d\u00e9e ou vendue sur un support quelconque \u00e0 des tiers. Le site n\u2019est pas d\u00e9clar\u00e9 \u00e0 la CNIL car il ne recueille pas d\u2019informations personnelles. Les bases de donn\u00e9es sont prot\u00e9g\u00e9es par les dispositions de la loi du 1er juillet 1998 transposant la directive 96\/9 du 11 mars 1996 relative \u00e0 la protection juridique des bases de donn\u00e9es. Les cookies nous permettent de personnaliser le contenu et les annonces, d\u2019offrir des fonctionnalit\u00e9s relatives aux m\u00e9dias sociaux et d\u2019analyser notre trafic. Nous partageons \u00e9galement des informations sur l\u2019utilisation de notre site avec nos partenaires de m\u00e9dias sociaux, de publicit\u00e9 et d\u2019analyse, qui peuvent combiner celles-ci avec d\u2019autres informations que vous leur avez fournies ou qu\u2019ils ont collect\u00e9es lors de votre utilisation de leurs services.<\/p>\n<p>[\/et_pb_text][et_pb_text _builder_version=\u00a0\u00bb4.18.0&Prime; text_orientation=\u00a0\u00bbjustified\u00a0\u00bb global_colors_info=\u00a0\u00bb{}\u00a0\u00bb]<\/p>\n<p>Ecouter gratuitement de la musique d\u2019ambiance et Jazz sur la radio digitale ABC Lounge. Une s\u00e9lection Downtempo, Nujazz, Bossa Nova, Ambient, Easy Listening, Jazz, Smooth jazz. ABC Lounge Music Webradio \u2013 radios lounge \u2013 musique lounge music, \u00e9couter music lounge, \u00e9couter musique lounge, music lounge gratuite, radio lounge, web radio lounge, radio zen, webradio, smoothradio, radio, zik lounge, zik jazzy, easy listening, down tempo, ambient, jazz, blues, soul, new age, nu jazz, trip-hop, electro. ABC Lounge vous propose le meilleur de la musique ambient et lounge. Trip-hop, Chill-out, Electronic. Listen to the radio ABC Lounge music. Ambiance lounge, relax. La d\u00e9tente en musique. Ecoutez gratuitement et en illimit\u00e9 des heures de musiques de relaxation, zen, pour se relaxer et m\u00e9diter sur la web radio ABC Lounge disponible en ligne et sur les applis mobiles et tablettes ABC Lounge Nobex.<\/p>\n<p>[\/et_pb_text][\/et_pb_column_inner][\/et_pb_row_inner][et_pb_row_inner admin_label=\u00a0\u00bbAccueil\u00a0\u00bb _builder_version=\u00a0\u00bb4.16&Prime; collapsed=\u00a0\u00bboff\u00a0\u00bb global_colors_info=\u00a0\u00bb{}\u00a0\u00bb][et_pb_column_inner saved_specialty_column_type=\u00a0\u00bb2_3&Prime; _builder_version=\u00a0\u00bb4.16&Prime; global_colors_info=\u00a0\u00bb{}\u00a0\u00bb][et_pb_text disabled_on=\u00a0\u00bboff|off|off\u00a0\u00bb admin_label=\u00a0\u00bbencart Applis\u00a0\u00bb _builder_version=\u00a0\u00bb4.18.0&Prime; header_3_font=\u00a0\u00bbYanone Kaffeesatz||||||||\u00a0\u00bb header_3_text_align=\u00a0\u00bbcenter\u00a0\u00bb header_3_text_color=\u00a0\u00bb#474747&Prime; header_3_font_size=\u00a0\u00bb27px\u00a0\u00bb header_3_line_height=\u00a0\u00bb1.4em\u00a0\u00bb background_color=\u00a0\u00bb#f7f7f7&Prime; background_enable_image=\u00a0\u00bboff\u00a0\u00bb parallax=\u00a0\u00bbon\u00a0\u00bb text_orientation=\u00a0\u00bbcenter\u00a0\u00bb background_layout=\u00a0\u00bbdark\u00a0\u00bb module_alignment=\u00a0\u00bbcenter\u00a0\u00bb custom_margin=\u00a0\u00bb20px|0px||0px|false|false\u00a0\u00bb custom_padding=\u00a0\u00bb40px|40px|20px|40px|false|false\u00a0\u00bb animation_direction=\u00a0\u00bbbottom\u00a0\u00bb border_radii=\u00a0\u00bbon|10px|10px|10px|10px\u00a0\u00bb border_color_all=\u00a0\u00bb#bababa\u00a0\u00bb global_colors_info=\u00a0\u00bb{}\u00a0\u00bb]<\/p>\n<h3>Ecoutez gratuitement ABC Lounge Radio sur votre mobile ou tablette<\/h3>\n<p><a href=\"https:\/\/apps.apple.com\/fr\/app\/abc-lounge-radio\/id1499150769\" target=\"_blank\" rel=\"noopener noreferrer\"><img loading=\"lazy\" decoding=\"async\" class=\"alignnone wp-image-600 size-full\" src=\"https:\/\/abclounge.fr\/site\/wp-content\/uploads\/2020\/01\/logos-apple.png\" alt=\"Ecoutez ABC Lounge Radio sur votre iPhone ou iPad\" width=\"150\" height=\"45\" \/><\/a> <a href=\"https:\/\/play.google.com\/store\/apps\/details?id=com.nobexinc.wls_66087017.rc\" target=\"_blank\" rel=\"noopener noreferrer\"><img loading=\"lazy\" decoding=\"async\" class=\"alignnone wp-image-601 size-full\" src=\"https:\/\/abclounge.fr\/site\/wp-content\/uploads\/2020\/01\/logos-google.png\" alt=\"Ecoutez ABC Lounge Radio sur votre smartphone Andro\u00efd\" width=\"150\" height=\"45\" \/><\/a><\/p>\n<p style=\"text-align: center;\"><span style=\"color: #474747;\"><strong>Vous \u00e9coutez r\u00e9guli\u00e8rement ABC Lounge Radio ? Vous \u00eates fan de ce programme musical ?<br \/>Merci de nous soutenir en participant au financement de sa diffusion \ud83d\ude09<\/strong><\/span><\/p>\n<p style=\"text-align: center;\">\u200b<\/p>\n<form action=\"https:\/\/www.paypal.com\/cgi-bin\/webscr\" method=\"post\" target=\"blank\"><input name=\"cmd\" type=\"hidden\" value=\"_s-xclick\" \/> <input name=\"hosted_button_id\" type=\"hidden\" value=\"4BFV82B3H6NAS\" \/> <input alt=\"PayPal - The safer, easier way to pay online!\" name=\"submit\" src=\"https:\/\/abclounge.fr\/site\/wp-content\/uploads\/2022\/10\/btn_donateCC_LG.gif\" type=\"image\" \/><\/form>\n<form action=\"https:\/\/www.paypal.com\/cgi-bin\/webscr\" method=\"post\"><img loading=\"lazy\" decoding=\"async\" class=\"alignleft\" src=\"https:\/\/abclounge.fr\/site\/wp-content\/uploads\/2022\/10\/pixel.gif\" alt=\"\" width=\"1\" height=\"1\" border=\"0\" \/><\/form>\n<p>[\/et_pb_text][et_pb_divider show_divider=\u00a0\u00bboff\u00a0\u00bb _builder_version=\u00a0\u00bb4.16&Prime; custom_padding=\u00a0\u00bb30px||30px||false|false\u00a0\u00bb global_colors_info=\u00a0\u00bb{}\u00a0\u00bb][\/et_pb_divider][\/et_pb_column_inner][\/et_pb_row_inner][\/et_pb_column][et_pb_column type=\u00a0\u00bb1_3&Prime; _builder_version=\u00a0\u00bb4.16&Prime; custom_padding=\u00a0\u00bb|||\u00a0\u00bb global_colors_info=\u00a0\u00bb{}\u00a0\u00bb custom_padding__hover=\u00a0\u00bb|||\u00a0\u00bb][et_pb_divider show_divider=\u00a0\u00bboff\u00a0\u00bb disabled_on=\u00a0\u00bbon|off|off\u00a0\u00bb _builder_version=\u00a0\u00bb4.18.0&Prime; _module_preset=\u00a0\u00bbdefault\u00a0\u00bb custom_margin=\u00a0\u00bb20px||||false|false\u00a0\u00bb global_colors_info=\u00a0\u00bb{}\u00a0\u00bb][\/et_pb_divider][et_pb_code _builder_version=\u00a0\u00bb4.18.0&Prime; _module_preset=\u00a0\u00bbdefault\u00a0\u00bb global_colors_info=\u00a0\u00bb{}\u00a0\u00bb]<script async src=\"https:\/\/pagead2.googlesyndication.com\/pagead\/js\/adsbygoogle.js\"><\/script><!-- [et_pb_line_break_holder] --><!-- encart responsive Nov2019 --><!-- [et_pb_line_break_holder] --><ins class=\"adsbygoogle\"<!-- [et_pb_line_break_holder] -->     style=\u00a0\u00bbdisplay:block\u00a0\u00bb<!-- [et_pb_line_break_holder] -->     data-ad-client=\u00a0\u00bbca-pub-9900018610566119&Prime;<!-- [et_pb_line_break_holder] -->     data-ad-slot=\u00a0\u00bb8162688569&Prime;<!-- [et_pb_line_break_holder] -->     data-ad-format=\u00a0\u00bbauto\u00a0\u00bb<!-- [et_pb_line_break_holder] -->     data-full-width-responsive=\u00a0\u00bbtrue\u00a0\u00bb><\/ins><!-- [et_pb_line_break_holder] --><script><!-- [et_pb_line_break_holder] -->     (adsbygoogle = window.adsbygoogle || []).push({});<!-- [et_pb_line_break_holder] --><\/script>[\/et_pb_code][\/et_pb_column][\/et_pb_section]<\/p>\n","protected":false},"excerpt":{"rendered":"<p>EN \/ FRGestion des donn\u00e9es personnelles En France, les donn\u00e9es personnelles sont notamment prot\u00e9g\u00e9es par la loi n\u00b0 78-87 du 6 janvier 1978, la loi n\u00b0 2004-801 du 6 ao\u00fbt 2004, l\u2019article L. 226-13 du Code p\u00e9nal et la Directive Europ\u00e9enne du 24 octobre 1995. A l\u2019occasion de l\u2019utilisation du site www.abclounge.fr, peuvent \u00eatres recueillies [&hellip;]<\/p>\n","protected":false},"author":1,"featured_media":0,"parent":0,"menu_order":0,"comment_status":"closed","ping_status":"closed","template":"page-template-blank.php","meta":{"_et_pb_use_builder":"on","_et_pb_old_content":"","_et_gb_content_width":"","footnotes":""},"class_list":["post-1285","page","type-page","status-publish","hentry"],"yoast_head":"<!-- This site is optimized with the Yoast SEO plugin v27.5 - https:\/\/yoast.com\/product\/yoast-seo-wordpress\/ -->\n<title>Politique de confidentialit\u00e9 - ABC Lounge Radio - Musique relaxante<\/title>\n<meta name=\"robots\" content=\"index, follow, max-snippet:-1, max-image-preview:large, max-video-preview:-1\" \/>\n<link rel=\"canonical\" href=\"https:\/\/abclounge.fr\/site\/politique-de-confidentialite\/\" \/>\n<meta property=\"og:locale\" content=\"fr_FR\" \/>\n<meta property=\"og:type\" content=\"article\" \/>\n<meta property=\"og:title\" content=\"Politique de confidentialit\u00e9 - ABC Lounge Radio - Musique relaxante\" \/>\n<meta property=\"og:description\" content=\"EN \/ FRGestion des donn\u00e9es personnelles En France, les donn\u00e9es personnelles sont notamment prot\u00e9g\u00e9es par la loi n\u00b0 78-87 du 6 janvier 1978, la loi n\u00b0 2004-801 du 6 ao\u00fbt 2004, l\u2019article L. 226-13 du Code p\u00e9nal et la Directive Europ\u00e9enne du 24 octobre 1995. A l\u2019occasion de l\u2019utilisation du site www.abclounge.fr, peuvent \u00eatres recueillies [&hellip;]\" \/>\n<meta property=\"og:url\" content=\"https:\/\/abclounge.fr\/site\/politique-de-confidentialite\/\" \/>\n<meta property=\"og:site_name\" content=\"ABC Lounge Radio - Musique relaxante\" \/>\n<meta property=\"article:modified_time\" content=\"2024-10-07T06:29:24+00:00\" \/>\n<meta property=\"og:image\" content=\"http:\/\/abclounge.fr\/site\/wp-content\/uploads\/2020\/01\/logos-apple.png\" \/>\n<meta name=\"twitter:card\" content=\"summary_large_image\" \/>\n<meta name=\"twitter:label1\" content=\"Dur\u00e9e de lecture estim\u00e9e\" \/>\n\t<meta name=\"twitter:data1\" content=\"4 minutes\" \/>\n<script type=\"application\/ld+json\" class=\"yoast-schema-graph\">{\"@context\":\"https:\\\/\\\/schema.org\",\"@graph\":[{\"@type\":\"WebPage\",\"@id\":\"https:\\\/\\\/abclounge.fr\\\/site\\\/politique-de-confidentialite\\\/\",\"url\":\"https:\\\/\\\/abclounge.fr\\\/site\\\/politique-de-confidentialite\\\/\",\"name\":\"Politique de confidentialit\u00e9 - ABC Lounge Radio - Musique relaxante\",\"isPartOf\":{\"@id\":\"https:\\\/\\\/abclounge.fr\\\/site\\\/#website\"},\"primaryImageOfPage\":{\"@id\":\"https:\\\/\\\/abclounge.fr\\\/site\\\/politique-de-confidentialite\\\/#primaryimage\"},\"image\":{\"@id\":\"https:\\\/\\\/abclounge.fr\\\/site\\\/politique-de-confidentialite\\\/#primaryimage\"},\"thumbnailUrl\":\"http:\\\/\\\/abclounge.fr\\\/site\\\/wp-content\\\/uploads\\\/2020\\\/01\\\/logos-apple.png\",\"datePublished\":\"2024-10-07T06:14:54+00:00\",\"dateModified\":\"2024-10-07T06:29:24+00:00\",\"breadcrumb\":{\"@id\":\"https:\\\/\\\/abclounge.fr\\\/site\\\/politique-de-confidentialite\\\/#breadcrumb\"},\"inLanguage\":\"fr-FR\",\"potentialAction\":[{\"@type\":\"ReadAction\",\"target\":[\"https:\\\/\\\/abclounge.fr\\\/site\\\/politique-de-confidentialite\\\/\"]}]},{\"@type\":\"ImageObject\",\"inLanguage\":\"fr-FR\",\"@id\":\"https:\\\/\\\/abclounge.fr\\\/site\\\/politique-de-confidentialite\\\/#primaryimage\",\"url\":\"http:\\\/\\\/abclounge.fr\\\/site\\\/wp-content\\\/uploads\\\/2020\\\/01\\\/logos-apple.png\",\"contentUrl\":\"http:\\\/\\\/abclounge.fr\\\/site\\\/wp-content\\\/uploads\\\/2020\\\/01\\\/logos-apple.png\"},{\"@type\":\"BreadcrumbList\",\"@id\":\"https:\\\/\\\/abclounge.fr\\\/site\\\/politique-de-confidentialite\\\/#breadcrumb\",\"itemListElement\":[{\"@type\":\"ListItem\",\"position\":1,\"name\":\"Accueil\",\"item\":\"https:\\\/\\\/abclounge.fr\\\/site\\\/\"},{\"@type\":\"ListItem\",\"position\":2,\"name\":\"Politique de confidentialit\u00e9\"}]},{\"@type\":\"WebSite\",\"@id\":\"https:\\\/\\\/abclounge.fr\\\/site\\\/#website\",\"url\":\"https:\\\/\\\/abclounge.fr\\\/site\\\/\",\"name\":\"ABC Lounge Radio - Musique relaxante\",\"description\":\"\",\"potentialAction\":[{\"@type\":\"SearchAction\",\"target\":{\"@type\":\"EntryPoint\",\"urlTemplate\":\"https:\\\/\\\/abclounge.fr\\\/site\\\/?s={search_term_string}\"},\"query-input\":{\"@type\":\"PropertyValueSpecification\",\"valueRequired\":true,\"valueName\":\"search_term_string\"}}],\"inLanguage\":\"fr-FR\"}]}<\/script>\n<!-- \/ Yoast SEO plugin. -->","yoast_head_json":{"title":"Politique de confidentialit\u00e9 - ABC Lounge Radio - Musique relaxante","robots":{"index":"index","follow":"follow","max-snippet":"max-snippet:-1","max-image-preview":"max-image-preview:large","max-video-preview":"max-video-preview:-1"},"canonical":"https:\/\/abclounge.fr\/site\/politique-de-confidentialite\/","og_locale":"fr_FR","og_type":"article","og_title":"Politique de confidentialit\u00e9 - ABC Lounge Radio - Musique relaxante","og_description":"EN \/ FRGestion des donn\u00e9es personnelles En France, les donn\u00e9es personnelles sont notamment prot\u00e9g\u00e9es par la loi n\u00b0 78-87 du 6 janvier 1978, la loi n\u00b0 2004-801 du 6 ao\u00fbt 2004, l\u2019article L. 226-13 du Code p\u00e9nal et la Directive Europ\u00e9enne du 24 octobre 1995. A l\u2019occasion de l\u2019utilisation du site www.abclounge.fr, peuvent \u00eatres recueillies [&hellip;]","og_url":"https:\/\/abclounge.fr\/site\/politique-de-confidentialite\/","og_site_name":"ABC Lounge Radio - Musique relaxante","article_modified_time":"2024-10-07T06:29:24+00:00","og_image":[{"url":"http:\/\/abclounge.fr\/site\/wp-content\/uploads\/2020\/01\/logos-apple.png","type":"","width":"","height":""}],"twitter_card":"summary_large_image","twitter_misc":{"Dur\u00e9e de lecture estim\u00e9e":"4 minutes"},"schema":{"@context":"https:\/\/schema.org","@graph":[{"@type":"WebPage","@id":"https:\/\/abclounge.fr\/site\/politique-de-confidentialite\/","url":"https:\/\/abclounge.fr\/site\/politique-de-confidentialite\/","name":"Politique de confidentialit\u00e9 - ABC Lounge Radio - Musique relaxante","isPartOf":{"@id":"https:\/\/abclounge.fr\/site\/#website"},"primaryImageOfPage":{"@id":"https:\/\/abclounge.fr\/site\/politique-de-confidentialite\/#primaryimage"},"image":{"@id":"https:\/\/abclounge.fr\/site\/politique-de-confidentialite\/#primaryimage"},"thumbnailUrl":"http:\/\/abclounge.fr\/site\/wp-content\/uploads\/2020\/01\/logos-apple.png","datePublished":"2024-10-07T06:14:54+00:00","dateModified":"2024-10-07T06:29:24+00:00","breadcrumb":{"@id":"https:\/\/abclounge.fr\/site\/politique-de-confidentialite\/#breadcrumb"},"inLanguage":"fr-FR","potentialAction":[{"@type":"ReadAction","target":["https:\/\/abclounge.fr\/site\/politique-de-confidentialite\/"]}]},{"@type":"ImageObject","inLanguage":"fr-FR","@id":"https:\/\/abclounge.fr\/site\/politique-de-confidentialite\/#primaryimage","url":"http:\/\/abclounge.fr\/site\/wp-content\/uploads\/2020\/01\/logos-apple.png","contentUrl":"http:\/\/abclounge.fr\/site\/wp-content\/uploads\/2020\/01\/logos-apple.png"},{"@type":"BreadcrumbList","@id":"https:\/\/abclounge.fr\/site\/politique-de-confidentialite\/#breadcrumb","itemListElement":[{"@type":"ListItem","position":1,"name":"Accueil","item":"https:\/\/abclounge.fr\/site\/"},{"@type":"ListItem","position":2,"name":"Politique de confidentialit\u00e9"}]},{"@type":"WebSite","@id":"https:\/\/abclounge.fr\/site\/#website","url":"https:\/\/abclounge.fr\/site\/","name":"ABC Lounge Radio - Musique relaxante","description":"","potentialAction":[{"@type":"SearchAction","target":{"@type":"EntryPoint","urlTemplate":"https:\/\/abclounge.fr\/site\/?s={search_term_string}"},"query-input":{"@type":"PropertyValueSpecification","valueRequired":true,"valueName":"search_term_string"}}],"inLanguage":"fr-FR"}]}},"_links":{"self":[{"href":"https:\/\/abclounge.fr\/site\/wp-json\/wp\/v2\/pages\/1285","targetHints":{"allow":["GET"]}}],"collection":[{"href":"https:\/\/abclounge.fr\/site\/wp-json\/wp\/v2\/pages"}],"about":[{"href":"https:\/\/abclounge.fr\/site\/wp-json\/wp\/v2\/types\/page"}],"author":[{"embeddable":true,"href":"https:\/\/abclounge.fr\/site\/wp-json\/wp\/v2\/users\/1"}],"replies":[{"embeddable":true,"href":"https:\/\/abclounge.fr\/site\/wp-json\/wp\/v2\/comments?post=1285"}],"version-history":[{"count":12,"href":"https:\/\/abclounge.fr\/site\/wp-json\/wp\/v2\/pages\/1285\/revisions"}],"predecessor-version":[{"id":1306,"href":"https:\/\/abclounge.fr\/site\/wp-json\/wp\/v2\/pages\/1285\/revisions\/1306"}],"wp:attachment":[{"href":"https:\/\/abclounge.fr\/site\/wp-json\/wp\/v2\/media?parent=1285"}],"curies":[{"name":"wp","href":"https:\/\/api.w.org\/{rel}","templated":true}]}}